{"id":2,"date":"2026-04-15T14:35:42","date_gmt":"2026-04-15T14:35:42","guid":{"rendered":"https:\/\/nagatapress.com\/?page_id=2"},"modified":"2026-04-18T14:29:52","modified_gmt":"2026-04-18T14:29:52","slug":"homeland","status":"publish","type":"page","link":"https:\/\/nagatapress.com\/","title":{"rendered":"NatagaPress &#8211; AI Translation Plugin for WordPress"},"content":{"rendered":"\t\t<div data-elementor-type=\"wp-page\" data-elementor-id=\"2\" class=\"elementor elementor-2\" data-elementor-post-type=\"page\">\n\t\t\t\t<div class=\"elementor-element elementor-element-d7bab84 e-con-full e-flex e-con e-parent\" data-id=\"d7bab84\" data-element_type=\"container\" data-e-type=\"container\" data-settings=\"{&quot;background_background&quot;:&quot;classic&quot;}\">\n\t\t<div class=\"elementor-element elementor-element-70d69ba e-flex e-con-boxed e-con e-child\" data-id=\"70d69ba\" data-element_type=\"container\" data-e-type=\"container\">\n\t\t\t\t\t<div class=\"e-con-inner\">\n\t\t\t\t<div class=\"elementor-element elementor-element-79d5ac1 scramble-content elementor-widget elementor-widget-html\" data-id=\"79d5ac1\" data-element_type=\"widget\" data-e-type=\"widget\" id=\"scramble-container\" data-widget_type=\"html.default\">\n\t\t\t\t\t<div class=\"scramble-container\">\n    <div id=\"scramble-text\" class=\"scramble-content\">\n        NagataPress is a WordPress plugin for AI-powered content translation\n    <\/div>\n<\/div>\n\n<style>\n.scramble-container {\n    height: 500px; \n    min-height: 220px;\n    display: flex;\n    justify-content: center;\n    align-items: center;\n    padding: 20px;\n    overflow: hidden;\n    position: relative;\n}\n\n.scramble-content {\n    font-family: 'PT Sans Caption', sans-serif !important;\n\n    font-size: clamp(7.8rem, 4vw, 5rem);\n    line-height: 1.15;\n    font-weight: 700;\n    text-align: center;\n\n    max-width: 900px;\n    margin: 0 auto;\n\n    color: #fff;\n    letter-spacing: 0.5px;\n\n    word-break: break-word;\n    overflow-wrap: break-word;\n\n    display: block;\n}\n<\/style>\n\n<script>\nclass TextScrambler {\n    constructor(el) {\n        this.el = el;\nthis.chars = 'ABCDERSTUVWXYZabcdef\u062a\u0648\u0649 \u0628\u0627\u0633\u062a\u062e\u062f\u0627\u0645 opqrstuvwxyz\u3042\u3044\u3046\u3048\u304a\u30a2\u30a4\u30a6\u30a8\u30aa\u6f22\u5b57\u6f22\u8a9e\ud55c\uae00\u062a\u062e\u062f\u0627\u0645 \u0627\u0644\u0630\u0643\u0627\u0621\uac00\ub098\ub2e4\ub77c\ub9c8\ubc14\uc0ac\u0391\u0392\u0393\u0394\u0395\u0396\u0397\u0398\u0399\u039a\u039b';\n        this.update = this.update.bind(this);\n    }\n\n    setText(newText) {\n        const oldText = this.el.innerText;\n        const length = Math.max(oldText.length, newText.length);\n\n        const promise = new Promise((resolve) => this.resolve = resolve);\n\n        this.queue = [];\n\n        for (let i = 0; i < length; i++) {\n            const from = oldText[i] || '';\n            const to = newText[i] || '';\n\n            \/\/ \ud83d\udd25 zpomalen\u00ed n\u00e1stupu i dokon\u010den\u00ed znak\u016f\n            const start = Math.floor(Math.random() * 20);\n            const end = start + Math.floor(Math.random() * 20) + 5;\n\n            this.queue.push({ from, to, start, end });\n        }\n\n        cancelAnimationFrame(this.frameRequest);\n        this.frame = 0;\n        this.update();\n\n        return promise;\n    }\n\n    update() {\n        let output = '';\n        let complete = 0;\n\n        for (let i = 0, n = this.queue.length; i < n; i++) {\n            let { from, to, start, end, char } = this.queue[i];\n\n            if (this.frame >= end) {\n                complete++;\n                output += to;\n\n            } else if (this.frame >= start) {\n                if (!char || Math.random() < 0.15) {\n                    char = this.randomChar();\n                    this.queue[i].char = char;\n                }\n\n                output += `<span style=\"color:#001E18\">${char}<\/span>`;\n\n            } else {\n                output += from;\n            }\n        }\n\n        this.el.innerHTML = output;\n\n        if (complete === this.queue.length) {\n            this.resolve();\n\n        } else {\n            \/\/ \ud83d\udd25 zpomalen\u00fd frame loop (kl\u00ed\u010dov\u00e1 zm\u011bna)\n            setTimeout(() => {\n                this.frame++;\n                this.frameRequest = requestAnimationFrame(this.update);\n            }, 28);\n        }\n    }\n\n    randomChar() {\n        return this.chars[Math.floor(Math.random() * this.chars.length)];\n    }\n}\n\nconst phrases = [\n    \"NagataPress is a WordPress plugin for AI-powered content translation\",\n    \"NagataPress je WordPress plugin pro p\u0159eklad obsahu pomoc\u00ed AI\",\n    \"NagataPress ist ein WordPress-Plugin f\u00fcr KI-gest\u00fctzte Inhalts\u00fcbersetzung\",\n    \"NagataPress es un plugin de WordPress para la traducci\u00f3n de contenido impulsada por IA\",\n    \"NagataPress est un plugin WordPress pour la traduction de contenu aliment\u00e9e par l'IA\",\n    \"NagataPress \u00e8 un plugin WordPress per la traduzione dei contenuti tramite IA\",\n    \"NagataPress\u306f\u3001AI\u306b\u3088\u308b\u30b3\u30f3\u30c6\u30f3\u30c4\u7ffb\u8a33\u306e\u305f\u3081\u306eWordPress\u30d7\u30e9\u30b0\u30a4\u30f3\u3067\u3059\",\n    \"NagataPress \u0647\u0648 \u0625\u0636\u0627\u0641\u0629 \u0648\u0648\u0631\u062f\u0628\u0631\u064a\u0633 \u0644\u062a\u0631\u062c\u0645\u0629 \u0627\u0644\u0645\u062d\u062a\u0648\u0649 \u0628\u0627\u0633\u062a\u062e\u062f\u0627\u0645 \u0627\u0644\u0630\u0643\u0627\u0621 \u0627\u0644\u0627\u0635\u0637\u0646\u0627\u0639\u064a\"\n];\n\nconst el = document.getElementById('scramble-text');\nconst fx = new TextScrambler(el);\n\nlet counter = 0;\n\nconst next = () => {\n    fx.setText(phrases[counter]).then(() => {\n        setTimeout(next, 4000); \/\/ pauza mezi v\u011btami (OK)\n    });\n\n    counter = (counter + 1) % phrases.length;\n};\n\nnext();\n<\/script>\t\t\t\t<\/div>\n\t\t\t\t<div class=\"elementor-element elementor-element-3c767d6 elementor-widget elementor-widget-text-editor\" data-id=\"3c767d6\" data-element_type=\"widget\" data-e-type=\"widget\" data-widget_type=\"text-editor.default\">\n\t\t\t\t\t\t\t\t\t<p>Built on a BYOK (Bring Your Own Key) model, it connects to your own AI provider credentials, giving you full control over usage, costs, and data processing.<\/p>\t\t\t\t\t\t\t\t<\/div>\n\t\t\t\t<div class=\"elementor-element elementor-element-ac040d0 elementor-widget elementor-widget-spacer\" data-id=\"ac040d0\" data-element_type=\"widget\" data-e-type=\"widget\" data-widget_type=\"spacer.default\">\n\t\t\t\t\t\t\t<div class=\"elementor-spacer\">\n\t\t\t<div class=\"elementor-spacer-inner\"><\/div>\n\t\t<\/div>\n\t\t\t\t\t\t<\/div>\n\t\t<div class=\"elementor-element elementor-element-e000a6d e-flex e-con-boxed e-con e-child\" data-id=\"e000a6d\" data-element_type=\"container\" data-e-type=\"container\">\n\t\t\t\t\t<div class=\"e-con-inner\">\n\t\t\t\t<div class=\"elementor-element elementor-element-ae405dc elementor-widget elementor-widget-button\" data-id=\"ae405dc\" data-element_type=\"widget\" data-e-type=\"widget\" data-widget_type=\"button.default\">\n\t\t\t\t\t\t\t\t\t\t<a class=\"elementor-button elementor-size-lg\" role=\"button\">\n\t\t\t\t\t\t<span class=\"elementor-button-content-wrapper\">\n\t\t\t\t\t\t\t\t\t<span class=\"elementor-button-text\">Launching soon<\/span>\n\t\t\t\t\t<\/span>\n\t\t\t\t\t<\/a>\n\t\t\t\t\t\t\t\t<\/div>\n\t\t\t\t\t<\/div>\n\t\t\t\t<\/div>\n\t\t\t\t\t<\/div>\n\t\t\t\t<\/div>\n\t\t\t\t<\/div>\n\t\t<div class=\"elementor-element elementor-element-f227bb4 e-flex e-con-boxed e-con e-parent\" data-id=\"f227bb4\" data-element_type=\"container\" data-e-type=\"container\">\n\t\t\t\t\t<div class=\"e-con-inner\">\n\t\t\t\t<div class=\"elementor-element elementor-element-6395d87 elementor-widget elementor-widget-heading\" data-id=\"6395d87\" data-element_type=\"widget\" data-e-type=\"widget\" data-widget_type=\"heading.default\">\n\t\t\t\t\t<h2 class=\"elementor-heading-title elementor-size-default\">Transparent pricing with no hidden complexity.<\/h2>\t\t\t\t<\/div>\n\t\t\t\t<div class=\"elementor-element elementor-element-145589a elementor-widget elementor-widget-text-editor\" data-id=\"145589a\" data-element_type=\"widget\" data-e-type=\"widget\" data-widget_type=\"text-editor.default\">\n\t\t\t\t\t\t\t\t\tTwo pricing tiers available with no hidden fees. Final translation costs depend on the selected AI API, the volume of text processed, and the current API pricing. Actual costs may vary depending on content complexity and length.\t\t\t\t\t\t\t\t<\/div>\n\t\t\t\t\t<\/div>\n\t\t\t\t<\/div>\n\t\t<div class=\"elementor-element elementor-element-3feb912 e-flex e-con-boxed e-con e-parent\" data-id=\"3feb912\" data-element_type=\"container\" data-e-type=\"container\" data-settings=\"{&quot;background_background&quot;:&quot;classic&quot;}\">\n\t\t\t\t\t<div class=\"e-con-inner\">\n\t\t\t\t<div class=\"elementor-element elementor-element-d15cd24 elementor-widget elementor-widget-heading\" data-id=\"d15cd24\" data-element_type=\"widget\" data-e-type=\"widget\" data-widget_type=\"heading.default\">\n\t\t\t\t\t<h2 class=\"elementor-heading-title elementor-size-default\">Choose the Perfect Plan for Your Site<\/h2>\t\t\t\t<\/div>\n\t\t\t\t<div class=\"elementor-element elementor-element-7986775 elementor-widget elementor-widget-text-editor\" data-id=\"7986775\" data-element_type=\"widget\" data-e-type=\"widget\" data-widget_type=\"text-editor.default\">\n\t\t\t\t\t\t\t\t\t<p>Find the right plan that fits your needs. Whether you&#8217;re just starting or scaling your business, NagataPress has a solution for you.<\/p>\t\t\t\t\t\t\t\t<\/div>\n\t\t\t\t<div class=\"elementor-element elementor-element-cfb1807 elementor-widget elementor-widget-spacer\" data-id=\"cfb1807\" data-element_type=\"widget\" data-e-type=\"widget\" data-widget_type=\"spacer.default\">\n\t\t\t\t\t\t\t<div class=\"elementor-spacer\">\n\t\t\t<div class=\"elementor-spacer-inner\"><\/div>\n\t\t<\/div>\n\t\t\t\t\t\t<\/div>\n\t\t<div class=\"elementor-element elementor-element-46c1feb e-flex e-con-boxed e-con e-child\" data-id=\"46c1feb\" data-element_type=\"container\" data-e-type=\"container\">\n\t\t\t\t\t<div class=\"e-con-inner\">\n\t\t<div class=\"elementor-element elementor-element-eb006da e-flex e-con-boxed e-con e-child\" data-id=\"eb006da\" data-element_type=\"container\" data-e-type=\"container\" data-settings=\"{&quot;background_background&quot;:&quot;classic&quot;}\">\n\t\t\t\t\t<div class=\"e-con-inner\">\n\t\t\t\t<div class=\"elementor-element elementor-element-f138cda elementor-widget elementor-widget-heading\" data-id=\"f138cda\" data-element_type=\"widget\" data-e-type=\"widget\" data-widget_type=\"heading.default\">\n\t\t\t\t\t<h3 class=\"elementor-heading-title elementor-size-default\">One Site<\/h3>\t\t\t\t<\/div>\n\t\t\t\t<div class=\"elementor-element elementor-element-cf604b1 elementor-widget elementor-widget-text-editor\" data-id=\"cf604b1\" data-element_type=\"widget\" data-e-type=\"widget\" data-widget_type=\"text-editor.default\">\n\t\t\t\t\t\t\t\t\t<p>Ideal for a single website. No limit on the number of content pages within the site.<\/p>\t\t\t\t\t\t\t\t<\/div>\n\t\t\t\t<div class=\"elementor-element elementor-element-07b9e50 elementor-widget elementor-widget-heading\" data-id=\"07b9e50\" data-element_type=\"widget\" data-e-type=\"widget\" data-widget_type=\"heading.default\">\n\t\t\t\t\t<h2 class=\"elementor-heading-title elementor-size-default\">$19<span style=\"font-size: 18px;font-weight: 400;color: #9CA3AF\">\/year<\/span><\/h2>\t\t\t\t<\/div>\n\t\t\t\t<div class=\"elementor-element elementor-element-aa14914 elementor-widget elementor-widget-heading\" data-id=\"aa14914\" data-element_type=\"widget\" data-e-type=\"widget\" data-widget_type=\"heading.default\">\n\t\t\t\t\t<h2 class=\"elementor-heading-title elementor-size-default\"> (excl. VAT\/GST) <\/h2>\t\t\t\t<\/div>\n\t\t\t\t<div class=\"elementor-element elementor-element-1baf758 elementor-widget elementor-widget-button\" data-id=\"1baf758\" data-element_type=\"widget\" data-e-type=\"widget\" data-widget_type=\"button.default\">\n\t\t\t\t\t\t\t\t\t\t<a class=\"elementor-button elementor-size-md\" role=\"button\">\n\t\t\t\t\t\t<span class=\"elementor-button-content-wrapper\">\n\t\t\t\t\t\t\t\t\t<span class=\"elementor-button-text\">Launching soon<\/span>\n\t\t\t\t\t<\/span>\n\t\t\t\t\t<\/a>\n\t\t\t\t\t\t\t\t<\/div>\n\t\t\t\t\t<\/div>\n\t\t\t\t<\/div>\n\t\t<div class=\"elementor-element elementor-element-180140e e-flex e-con-boxed e-con e-child\" data-id=\"180140e\" data-element_type=\"container\" data-e-type=\"container\" data-settings=\"{&quot;background_background&quot;:&quot;classic&quot;}\">\n\t\t\t\t\t<div class=\"e-con-inner\">\n\t\t\t\t<div class=\"elementor-element elementor-element-43e3837 elementor-widget elementor-widget-heading\" data-id=\"43e3837\" data-element_type=\"widget\" data-e-type=\"widget\" data-widget_type=\"heading.default\">\n\t\t\t\t\t<h3 class=\"elementor-heading-title elementor-size-default\">Unlimited<\/h3>\t\t\t\t<\/div>\n\t\t\t\t<div class=\"elementor-element elementor-element-b9be0b7 elementor-widget elementor-widget-text-editor\" data-id=\"b9be0b7\" data-element_type=\"widget\" data-e-type=\"widget\" data-widget_type=\"text-editor.default\">\n\t\t\t\t\t\t\t\t\t<p>Ideal for multiple websites. Translate as many sites as you manage under your own administration.<\/p>\t\t\t\t\t\t\t\t<\/div>\n\t\t\t\t<div class=\"elementor-element elementor-element-2fc63d6 elementor-widget elementor-widget-heading\" data-id=\"2fc63d6\" data-element_type=\"widget\" data-e-type=\"widget\" data-widget_type=\"heading.default\">\n\t\t\t\t\t<h2 class=\"elementor-heading-title elementor-size-default\">$99<span style=\"font-size: 18px;font-weight: 400;color: #9CA3AF\">\/year<\/span><\/h2>\t\t\t\t<\/div>\n\t\t\t\t<div class=\"elementor-element elementor-element-376a1aa elementor-widget elementor-widget-heading\" data-id=\"376a1aa\" data-element_type=\"widget\" data-e-type=\"widget\" data-widget_type=\"heading.default\">\n\t\t\t\t\t<h2 class=\"elementor-heading-title elementor-size-default\"> (excl. VAT\/GST) <\/h2>\t\t\t\t<\/div>\n\t\t\t\t<div class=\"elementor-element elementor-element-dd894c8 elementor-widget elementor-widget-button\" data-id=\"dd894c8\" data-element_type=\"widget\" data-e-type=\"widget\" data-widget_type=\"button.default\">\n\t\t\t\t\t\t\t\t\t\t<a class=\"elementor-button elementor-size-md\" role=\"button\">\n\t\t\t\t\t\t<span class=\"elementor-button-content-wrapper\">\n\t\t\t\t\t\t\t\t\t<span class=\"elementor-button-text\">Launching soon<\/span>\n\t\t\t\t\t<\/span>\n\t\t\t\t\t<\/a>\n\t\t\t\t\t\t\t\t<\/div>\n\t\t\t\t\t<\/div>\n\t\t\t\t<\/div>\n\t\t\t\t\t<\/div>\n\t\t\t\t<\/div>\n\t\t\t\t\t<\/div>\n\t\t\t\t<\/div>\n\t\t\t\t<\/div>\n\t\t","protected":false},"excerpt":{"rendered":"<p>NagataPress is a WordPress plugin for AI-powered content translation Built on a BYOK (Bring Your Own Key) model, it connects to your own AI provider credentials, giving you full control over usage, costs, and data processing. Launching soon Transparent pricing with no hidden complexity. Two pricing tiers available with no hidden fees. Final translation costs [&hellip;]<\/p>\n","protected":false},"author":1,"featured_media":0,"parent":0,"menu_order":0,"comment_status":"closed","ping_status":"closed","template":"elementor_header_footer","meta":{"footnotes":""},"class_list":["post-2","page","type-page","status-publish","hentry"],"_links":{"self":[{"href":"https:\/\/nagatapress.com\/index.php?rest_route=\/wp\/v2\/pages\/2","targetHints":{"allow":["GET"]}}],"collection":[{"href":"https:\/\/nagatapress.com\/index.php?rest_route=\/wp\/v2\/pages"}],"about":[{"href":"https:\/\/nagatapress.com\/index.php?rest_route=\/wp\/v2\/types\/page"}],"author":[{"embeddable":true,"href":"https:\/\/nagatapress.com\/index.php?rest_route=\/wp\/v2\/users\/1"}],"replies":[{"embeddable":true,"href":"https:\/\/nagatapress.com\/index.php?rest_route=%2Fwp%2Fv2%2Fcomments&post=2"}],"version-history":[{"count":34,"href":"https:\/\/nagatapress.com\/index.php?rest_route=\/wp\/v2\/pages\/2\/revisions"}],"predecessor-version":[{"id":65,"href":"https:\/\/nagatapress.com\/index.php?rest_route=\/wp\/v2\/pages\/2\/revisions\/65"}],"wp:attachment":[{"href":"https:\/\/nagatapress.com\/index.php?rest_route=%2Fwp%2Fv2%2Fmedia&parent=2"}],"curies":[{"name":"wp","href":"https:\/\/api.w.org\/{rel}","templated":true}]}}